{"id":2,"date":"2018-12-11T21:23:42","date_gmt":"2018-12-11T21:23:42","guid":{"rendered":"https:\/\/ripel.com\/?page_id=2"},"modified":"2023-06-08T02:41:41","modified_gmt":"2023-06-08T02:41:41","slug":"sample-page","status":"publish","type":"page","link":"https:\/\/ripel.com\/?page_id=2","title":{"rendered":"VEH\u00cdCULOS"},"content":{"rendered":"<p>[vc_row][vc_column][cr_image_with_hotspots image=&#8221;715&#8243; preview=&#8221;https:\/\/ripel.com\/wp-content\/uploads\/2019\/01\/46405205_557986354629693_4482001211796488192_n.jpg&#8221; hotspot_icon=&#8221;bullet&#8221; tooltip=&#8221;hover&#8221; tooltip_shadow=&#8221;none&#8221;][cr_hotspot left=&#8221;23.97302060737527%&#8221; top=&#8221;35.83061889250814%&#8221; position=&#8221;top&#8221;]Concept Fire Truck &#8211; Veh\u00edculo del futuro &#8211; La apuesta de Rosenbauer para desarrollar un cami\u00f3n de Bomberos el\u00e9ctrico h\u00edbrido[\/cr_hotspot][cr_hotspot left=&#8221;55.12133947939263%&#8221; top=&#8221;46.90553745928339%&#8221; position=&#8221;top&#8221;]La \u00faltima y m\u00e1s avanzada tecnolog\u00eda en veh\u00edculos de Extinci\u00f3n de Incendios y Rescate[\/cr_hotspot][cr_hotspot left=&#8221;78.05382321041215%&#8221; top=&#8221;59.60912052117264%&#8221; position=&#8221;top&#8221;]Tecnolog\u00eda que supera los m\u00e1s altos est\u00e1ndares de calidad[\/cr_hotspot][\/cr_image_with_hotspots][\/vc_column][\/vc_row]<\/p>\n","protected":false},"excerpt":{"rendered":"<p>[vc_row][vc_column][cr_image_with_hotspots image=&#8221;715&#8243; preview=&#8221;https:\/\/ripel.com\/wp-content\/uploads\/2019\/01\/46405205_557986354629693_4482001211796488192_n.jpg&#8221; hotspot_icon=&#8221;bullet&#8221; tooltip=&#8221;hover&#8221; tooltip_shadow=&#8221;none&#8221;][cr_hotspot left=&#8221;23.97302060737527%&#8221; top=&#8221;35.83061889250814%&#8221; position=&#8221;top&#8221;]Concept Fire Truck &#8211; Veh\u00edculo del futuro &#8211; La apuesta de Rosenbauer para desarrollar un cami\u00f3n de Bomberos el\u00e9ctrico h\u00edbrido[\/cr_hotspot][cr_hotspot left=&#8221;55.12133947939263%&#8221; top=&#8221;46.90553745928339%&#8221;&hellip; <\/p>\n","protected":false},"author":1,"featured_media":0,"parent":0,"menu_order":0,"comment_status":"closed","ping_status":"open","template":"","meta":{"footnotes":""},"class_list":["post-2","page","type-page","status-publish","hentry"],"_links":{"self":[{"href":"https:\/\/ripel.com\/index.php?rest_route=\/wp\/v2\/pages\/2","targetHints":{"allow":["GET"]}}],"collection":[{"href":"https:\/\/ripel.com\/index.php?rest_route=\/wp\/v2\/pages"}],"about":[{"href":"https:\/\/ripel.com\/index.php?rest_route=\/wp\/v2\/types\/page"}],"author":[{"embeddable":true,"href":"https:\/\/ripel.com\/index.php?rest_route=\/wp\/v2\/users\/1"}],"replies":[{"embeddable":true,"href":"https:\/\/ripel.com\/index.php?rest_route=%2Fwp%2Fv2%2Fcomments&post=2"}],"version-history":[{"count":5,"href":"https:\/\/ripel.com\/index.php?rest_route=\/wp\/v2\/pages\/2\/revisions"}],"predecessor-version":[{"id":1110,"href":"https:\/\/ripel.com\/index.php?rest_route=\/wp\/v2\/pages\/2\/revisions\/1110"}],"wp:attachment":[{"href":"https:\/\/ripel.com\/index.php?rest_route=%2Fwp%2Fv2%2Fmedia&parent=2"}],"curies":[{"name":"wp","href":"https:\/\/api.w.org\/{rel}","templated":true}]}}