{"id":15,"date":"2018-12-11T21:44:46","date_gmt":"2018-12-11T21:44:46","guid":{"rendered":"https:\/\/ripel.com\/?page_id=15"},"modified":"2025-09-02T11:11:30","modified_gmt":"2025-09-02T16:11:30","slug":"inicio","status":"publish","type":"page","link":"https:\/\/ripel.com\/","title":{"rendered":"INICIO"},"content":{"rendered":"\n<h2 class=\"wp-block-heading has-text-align-center\"><strong>Veh\u00edculos y Equipos Contra Incendios y de Rescate<\/strong><\/h2>\n\n\n\n<figure class=\"wp-block-gallery has-nested-images columns-2 is-cropped wp-block-gallery-1 is-layout-flex wp-block-gallery-is-layout-flex\">\n<figure class=\"wp-block-image\"><img loading=\"lazy\" decoding=\"async\" width=\"1024\" height=\"768\" data-id=\"724\" src=\"https:\/\/ripel.com\/wp-content\/uploads\/2019\/01\/IMG_3036-1024x768.jpg\" alt=\"\" class=\"wp-image-724\" srcset=\"https:\/\/ripel.com\/wp-content\/uploads\/2019\/01\/IMG_3036-1024x768.jpg 1024w, https:\/\/ripel.com\/wp-content\/uploads\/2019\/01\/IMG_3036-300x225.jpg 300w, https:\/\/ripel.com\/wp-content\/uploads\/2019\/01\/IMG_3036-768x576.jpg 768w, https:\/\/ripel.com\/wp-content\/uploads\/2019\/01\/IMG_3036-381x285.jpg 381w, https:\/\/ripel.com\/wp-content\/uploads\/2019\/01\/IMG_3036-600x450.jpg 600w\" sizes=\"auto, (max-width: 1024px) 100vw, 1024px\" \/><\/figure>\n\n\n\n<figure class=\"wp-block-image\"><img loading=\"lazy\" decoding=\"async\" width=\"900\" height=\"500\" data-id=\"716\" src=\"https:\/\/ripel.com\/wp-content\/uploads\/2019\/01\/2.-FOTO-TRAJES-SLIDE.jpg\" alt=\"\" class=\"wp-image-716\" srcset=\"https:\/\/ripel.com\/wp-content\/uploads\/2019\/01\/2.-FOTO-TRAJES-SLIDE.jpg 900w, https:\/\/ripel.com\/wp-content\/uploads\/2019\/01\/2.-FOTO-TRAJES-SLIDE-300x167.jpg 300w, https:\/\/ripel.com\/wp-content\/uploads\/2019\/01\/2.-FOTO-TRAJES-SLIDE-768x427.jpg 768w, https:\/\/ripel.com\/wp-content\/uploads\/2019\/01\/2.-FOTO-TRAJES-SLIDE-600x333.jpg 600w\" sizes=\"auto, (max-width: 900px) 100vw, 900px\" \/><\/figure>\n\n\n\n<figure class=\"wp-block-image\"><img loading=\"lazy\" decoding=\"async\" width=\"900\" height=\"586\" data-id=\"726\" src=\"https:\/\/ripel.com\/wp-content\/uploads\/2019\/01\/UHPS2-6.jpg\" alt=\"\" class=\"wp-image-726\" srcset=\"https:\/\/ripel.com\/wp-content\/uploads\/2019\/01\/UHPS2-6.jpg 900w, https:\/\/ripel.com\/wp-content\/uploads\/2019\/01\/UHPS2-6-300x195.jpg 300w, https:\/\/ripel.com\/wp-content\/uploads\/2019\/01\/UHPS2-6-768x500.jpg 768w, https:\/\/ripel.com\/wp-content\/uploads\/2019\/01\/UHPS2-6-600x391.jpg 600w\" sizes=\"auto, (max-width: 900px) 100vw, 900px\" \/><\/figure>\n\n\n\n<figure class=\"wp-block-image\"><img loading=\"lazy\" decoding=\"async\" width=\"900\" height=\"507\" data-id=\"725\" src=\"https:\/\/ripel.com\/wp-content\/uploads\/2019\/01\/NAUTILUS2.jpeg\" alt=\"\" class=\"wp-image-725\" srcset=\"https:\/\/ripel.com\/wp-content\/uploads\/2019\/01\/NAUTILUS2.jpeg 900w, https:\/\/ripel.com\/wp-content\/uploads\/2019\/01\/NAUTILUS2-300x169.jpeg 300w, https:\/\/ripel.com\/wp-content\/uploads\/2019\/01\/NAUTILUS2-768x433.jpeg 768w, https:\/\/ripel.com\/wp-content\/uploads\/2019\/01\/NAUTILUS2-600x338.jpeg 600w\" sizes=\"auto, (max-width: 900px) 100vw, 900px\" \/><\/figure>\n\n\n\n<figure class=\"wp-block-image\"><img loading=\"lazy\" decoding=\"async\" width=\"720\" height=\"452\" data-id=\"719\" src=\"https:\/\/ripel.com\/wp-content\/uploads\/2019\/01\/2017-04-12-Weber-Rescue-Schulung__04.jpg\" alt=\"\" class=\"wp-image-719\" srcset=\"https:\/\/ripel.com\/wp-content\/uploads\/2019\/01\/2017-04-12-Weber-Rescue-Schulung__04.jpg 720w, https:\/\/ripel.com\/wp-content\/uploads\/2019\/01\/2017-04-12-Weber-Rescue-Schulung__04-300x188.jpg 300w, https:\/\/ripel.com\/wp-content\/uploads\/2019\/01\/2017-04-12-Weber-Rescue-Schulung__04-600x377.jpg 600w\" sizes=\"auto, (max-width: 720px) 100vw, 720px\" \/><\/figure>\n\n\n\n<figure class=\"wp-block-image\"><img loading=\"lazy\" decoding=\"async\" width=\"1024\" height=\"569\" data-id=\"717\" src=\"https:\/\/ripel.com\/wp-content\/uploads\/2019\/01\/3.-MARK-3-INCENDIOS-FORESTALES--1024x569.png\" alt=\"\" class=\"wp-image-717\" srcset=\"https:\/\/ripel.com\/wp-content\/uploads\/2019\/01\/3.-MARK-3-INCENDIOS-FORESTALES--1024x569.png 1024w, https:\/\/ripel.com\/wp-content\/uploads\/2019\/01\/3.-MARK-3-INCENDIOS-FORESTALES--300x167.png 300w, https:\/\/ripel.com\/wp-content\/uploads\/2019\/01\/3.-MARK-3-INCENDIOS-FORESTALES--768x427.png 768w, https:\/\/ripel.com\/wp-content\/uploads\/2019\/01\/3.-MARK-3-INCENDIOS-FORESTALES--600x333.png 600w, https:\/\/ripel.com\/wp-content\/uploads\/2019\/01\/3.-MARK-3-INCENDIOS-FORESTALES-.png 1300w\" sizes=\"auto, (max-width: 1024px) 100vw, 1024px\" \/><\/figure>\n<\/figure>\n\n\n\n<hr class=\"wp-block-separator has-css-opacity\"\/>\n\n\n\n<h3 class=\"wp-block-heading has-text-align-center\">Representantes exclusivos en Colombia de<\/h3>\n\n\n\n<hr class=\"wp-block-separator has-css-opacity\"\/>\n\n\n\n<div class=\"wp-block-media-text alignwide is-stacked-on-mobile has-very-light-gray-background-color has-background\"><figure class=\"wp-block-media-text__media\"><img loading=\"lazy\" decoding=\"async\" width=\"1024\" height=\"313\" src=\"https:\/\/ripel.com\/wp-content\/uploads\/2019\/01\/Screen-Shot-2019-01-21-at-10.19.25-AM-2-1024x313.png\" alt=\"\" class=\"wp-image-793 size-full\" srcset=\"https:\/\/ripel.com\/wp-content\/uploads\/2019\/01\/Screen-Shot-2019-01-21-at-10.19.25-AM-2-1024x313.png 1024w, https:\/\/ripel.com\/wp-content\/uploads\/2019\/01\/Screen-Shot-2019-01-21-at-10.19.25-AM-2-300x92.png 300w, https:\/\/ripel.com\/wp-content\/uploads\/2019\/01\/Screen-Shot-2019-01-21-at-10.19.25-AM-2-768x235.png 768w, https:\/\/ripel.com\/wp-content\/uploads\/2019\/01\/Screen-Shot-2019-01-21-at-10.19.25-AM-2-600x183.png 600w, https:\/\/ripel.com\/wp-content\/uploads\/2019\/01\/Screen-Shot-2019-01-21-at-10.19.25-AM-2.png 1420w\" sizes=\"auto, (max-width: 1024px) 100vw, 1024px\" \/><\/figure><div class=\"wp-block-media-text__content\">\n<p class=\"has-text-align-left\" style=\"font-size:12px\">Principal fabricante de tecnolog\u00eda de lucha contra incendios para proteger del fuego y cat\u00e1strofes. Por m\u00e1s de 150 a\u00f1os su nombre es sin\u00f3nimo de innovaci\u00f3n y tecnolog\u00eda de punta en cuanto a fabricaci\u00f3n de veh\u00edculos para bomberos, equipos de extinci\u00f3n de incendios y equipos de protecci\u00f3n personal para bomberos.<\/p>\n<\/div><\/div>\n\n\n\n<hr class=\"wp-block-separator has-alpha-channel-opacity\"\/>\n\n\n\n<div class=\"wp-block-media-text alignwide is-stacked-on-mobile has-very-light-gray-background-color has-background\"><figure class=\"wp-block-media-text__media\"><img loading=\"lazy\" decoding=\"async\" width=\"1024\" height=\"329\" src=\"https:\/\/ripel.com\/wp-content\/uploads\/2019\/01\/WATERAX\u00ae-Logo-Tagline-RGB-4-1024x329.jpg\" alt=\"\" class=\"wp-image-794 size-full\" srcset=\"https:\/\/ripel.com\/wp-content\/uploads\/2019\/01\/WATERAX\u00ae-Logo-Tagline-RGB-4-1024x329.jpg 1024w, https:\/\/ripel.com\/wp-content\/uploads\/2019\/01\/WATERAX\u00ae-Logo-Tagline-RGB-4-300x96.jpg 300w, https:\/\/ripel.com\/wp-content\/uploads\/2019\/01\/WATERAX\u00ae-Logo-Tagline-RGB-4-768x247.jpg 768w, https:\/\/ripel.com\/wp-content\/uploads\/2019\/01\/WATERAX\u00ae-Logo-Tagline-RGB-4-600x193.jpg 600w\" sizes=\"auto, (max-width: 1024px) 100vw, 1024px\" \/><\/figure><div class=\"wp-block-media-text__content\">\n<p class=\"has-text-align-left\" style=\"font-size:12px\">Con la confianza de los bomberos forestales de todo el mundo, WATERAX establece el est\u00e1ndar de la industria al desarrollar bombas contra incendios port\u00e1tiles e innovadoras, as\u00ed como equipos de manejo de agua dise\u00f1ados para soportar aplicaciones exigentes y entornos resistentes.<\/p>\n<\/div><\/div>\n\n\n\n<hr class=\"wp-block-separator has-css-opacity\"\/>\n\n\n\n<div class=\"wp-block-media-text alignwide is-stacked-on-mobile has-very-light-gray-background-color has-background\"><figure class=\"wp-block-media-text__media\"><img loading=\"lazy\" decoding=\"async\" width=\"1024\" height=\"280\" src=\"https:\/\/ripel.com\/wp-content\/uploads\/2019\/01\/Screen-Shot-2019-01-21-at-10.09.06-AM-4-1024x280.png\" alt=\"\" class=\"wp-image-795 size-full\" srcset=\"https:\/\/ripel.com\/wp-content\/uploads\/2019\/01\/Screen-Shot-2019-01-21-at-10.09.06-AM-4-1024x280.png 1024w, https:\/\/ripel.com\/wp-content\/uploads\/2019\/01\/Screen-Shot-2019-01-21-at-10.09.06-AM-4-300x82.png 300w, https:\/\/ripel.com\/wp-content\/uploads\/2019\/01\/Screen-Shot-2019-01-21-at-10.09.06-AM-4-768x210.png 768w, https:\/\/ripel.com\/wp-content\/uploads\/2019\/01\/Screen-Shot-2019-01-21-at-10.09.06-AM-4-600x164.png 600w, https:\/\/ripel.com\/wp-content\/uploads\/2019\/01\/Screen-Shot-2019-01-21-at-10.09.06-AM-4.png 1872w\" sizes=\"auto, (max-width: 1024px) 100vw, 1024px\" \/><\/figure><div class=\"wp-block-media-text__content\">\n<p class=\"has-text-align-left\" style=\"font-size:12px\">L\u00edderes en Equipos de rescate hidr\u00e1ulicos y neum\u00e1ticos &#8211; Separadores, cizallas, cilindros de rescate, equipos compactos, herramientas combinadas, dispositivos de rescate a bater\u00eda, sistemas de estabilizaci\u00f3n y mucho m\u00e1s.<\/p>\n<\/div><\/div>\n\n\n\n<hr class=\"wp-block-separator has-css-opacity\"\/>\n\n\n\n<hr class=\"wp-block-separator has-css-opacity\"\/>\n\n\n\n<h3 class=\"wp-block-heading has-text-align-center\">Clientes que conf\u00edan en nosotros<\/h3>\n\n\n\n<div class=\"wp-block-group\"><div class=\"wp-block-group__inner-container is-layout-constrained wp-block-group-is-layout-constrained\">\n<figure class=\"wp-block-gallery has-nested-images columns-7 is-cropped wp-block-gallery-2 is-layout-flex wp-block-gallery-is-layout-flex\">\n<figure class=\"wp-block-image size-large\"><img loading=\"lazy\" decoding=\"async\" width=\"200\" height=\"200\" data-id=\"853\" src=\"https:\/\/ripel.com\/wp-content\/uploads\/2019\/01\/brand.gif\" alt=\"\" class=\"wp-image-853\"\/><\/figure>\n\n\n\n<figure class=\"wp-block-image size-large\"><img loading=\"lazy\" decoding=\"async\" width=\"179\" height=\"179\" data-id=\"849\" src=\"https:\/\/ripel.com\/wp-content\/uploads\/2019\/01\/bomberos-colombia.jpg\" alt=\"\" class=\"wp-image-849\" srcset=\"https:\/\/ripel.com\/wp-content\/uploads\/2019\/01\/bomberos-colombia.jpg 179w, https:\/\/ripel.com\/wp-content\/uploads\/2019\/01\/bomberos-colombia-150x150.jpg 150w, https:\/\/ripel.com\/wp-content\/uploads\/2019\/01\/bomberos-colombia-90x90.jpg 90w, https:\/\/ripel.com\/wp-content\/uploads\/2019\/01\/bomberos-colombia-100x100.jpg 100w\" sizes=\"auto, (max-width: 179px) 100vw, 179px\" \/><\/figure>\n\n\n\n<figure class=\"wp-block-image size-large\"><img loading=\"lazy\" decoding=\"async\" width=\"195\" height=\"195\" data-id=\"851\" src=\"https:\/\/ripel.com\/wp-content\/uploads\/2019\/01\/01.ai-converted.png\" alt=\"\" class=\"wp-image-851\" srcset=\"https:\/\/ripel.com\/wp-content\/uploads\/2019\/01\/01.ai-converted.png 195w, https:\/\/ripel.com\/wp-content\/uploads\/2019\/01\/01.ai-converted-150x150.png 150w, https:\/\/ripel.com\/wp-content\/uploads\/2019\/01\/01.ai-converted-90x90.png 90w, https:\/\/ripel.com\/wp-content\/uploads\/2019\/01\/01.ai-converted-100x100.png 100w\" sizes=\"auto, (max-width: 195px) 100vw, 195px\" \/><\/figure>\n\n\n\n<figure class=\"wp-block-image size-large\"><img loading=\"lazy\" decoding=\"async\" width=\"225\" height=\"225\" data-id=\"858\" src=\"https:\/\/ripel.com\/wp-content\/uploads\/2019\/01\/aeronautica-2.jpg\" alt=\"\" class=\"wp-image-858\" srcset=\"https:\/\/ripel.com\/wp-content\/uploads\/2019\/01\/aeronautica-2.jpg 225w, https:\/\/ripel.com\/wp-content\/uploads\/2019\/01\/aeronautica-2-150x150.jpg 150w, https:\/\/ripel.com\/wp-content\/uploads\/2019\/01\/aeronautica-2-90x90.jpg 90w, https:\/\/ripel.com\/wp-content\/uploads\/2019\/01\/aeronautica-2-100x100.jpg 100w\" sizes=\"auto, (max-width: 225px) 100vw, 225px\" \/><\/figure>\n\n\n\n<figure class=\"wp-block-image size-large\"><img loading=\"lazy\" decoding=\"async\" width=\"300\" height=\"300\" data-id=\"857\" src=\"https:\/\/ripel.com\/wp-content\/uploads\/2019\/01\/logo-south32.png\" alt=\"\" class=\"wp-image-857\" srcset=\"https:\/\/ripel.com\/wp-content\/uploads\/2019\/01\/logo-south32.png 300w, https:\/\/ripel.com\/wp-content\/uploads\/2019\/01\/logo-south32-150x150.png 150w, https:\/\/ripel.com\/wp-content\/uploads\/2019\/01\/logo-south32-90x90.png 90w, https:\/\/ripel.com\/wp-content\/uploads\/2019\/01\/logo-south32-100x100.png 100w\" sizes=\"auto, (max-width: 300px) 100vw, 300px\" \/><\/figure>\n\n\n\n<figure class=\"wp-block-image size-large\"><img loading=\"lazy\" decoding=\"async\" width=\"225\" height=\"225\" data-id=\"855\" src=\"https:\/\/ripel.com\/wp-content\/uploads\/2019\/01\/dnbc2.jpg\" alt=\"\" class=\"wp-image-855\" srcset=\"https:\/\/ripel.com\/wp-content\/uploads\/2019\/01\/dnbc2.jpg 225w, https:\/\/ripel.com\/wp-content\/uploads\/2019\/01\/dnbc2-150x150.jpg 150w, https:\/\/ripel.com\/wp-content\/uploads\/2019\/01\/dnbc2-90x90.jpg 90w, https:\/\/ripel.com\/wp-content\/uploads\/2019\/01\/dnbc2-100x100.jpg 100w\" sizes=\"auto, (max-width: 225px) 100vw, 225px\" \/><\/figure>\n\n\n\n<figure class=\"wp-block-image size-large\"><img loading=\"lazy\" decoding=\"async\" width=\"200\" height=\"200\" data-id=\"982\" src=\"https:\/\/ripel.com\/wp-content\/uploads\/2019\/07\/0.png\" alt=\"\" class=\"wp-image-982\" srcset=\"https:\/\/ripel.com\/wp-content\/uploads\/2019\/07\/0.png 200w, https:\/\/ripel.com\/wp-content\/uploads\/2019\/07\/0-150x150.png 150w, https:\/\/ripel.com\/wp-content\/uploads\/2019\/07\/0-90x90.png 90w\" sizes=\"auto, (max-width: 200px) 100vw, 200px\" \/><\/figure>\n<\/figure>\n<\/div><\/div>\n","protected":false},"excerpt":{"rendered":"<p>Veh\u00edculos y Equipos Contra Incendios y de Rescate Representantes exclusivos en Colombia de Principal fabricante de tecnolog\u00eda de lucha contra incendios para proteger del fuego y cat\u00e1strofes. Por m\u00e1s de&hellip; <\/p>\n","protected":false},"author":1,"featured_media":0,"parent":0,"menu_order":1,"comment_status":"closed","ping_status":"closed","template":"","meta":{"footnotes":""},"class_list":["post-15","page","type-page","status-publish","hentry"],"_links":{"self":[{"href":"https:\/\/ripel.com\/index.php?rest_route=\/wp\/v2\/pages\/15","targetHints":{"allow":["GET"]}}],"collection":[{"href":"https:\/\/ripel.com\/index.php?rest_route=\/wp\/v2\/pages"}],"about":[{"href":"https:\/\/ripel.com\/index.php?rest_route=\/wp\/v2\/types\/page"}],"author":[{"embeddable":true,"href":"https:\/\/ripel.com\/index.php?rest_route=\/wp\/v2\/users\/1"}],"replies":[{"embeddable":true,"href":"https:\/\/ripel.com\/index.php?rest_route=%2Fwp%2Fv2%2Fcomments&post=15"}],"version-history":[{"count":38,"href":"https:\/\/ripel.com\/index.php?rest_route=\/wp\/v2\/pages\/15\/revisions"}],"predecessor-version":[{"id":1184,"href":"https:\/\/ripel.com\/index.php?rest_route=\/wp\/v2\/pages\/15\/revisions\/1184"}],"wp:attachment":[{"href":"https:\/\/ripel.com\/index.php?rest_route=%2Fwp%2Fv2%2Fmedia&parent=15"}],"curies":[{"name":"wp","href":"https:\/\/api.w.org\/{rel}","templated":true}]}}